{"id":2904,"date":"2021-01-13T11:13:32","date_gmt":"2021-01-13T17:13:32","guid":{"rendered":"http:\/\/colegiovallarta.mx\/ojodeagua\/infoalumnos\/"},"modified":"2025-08-06T14:36:45","modified_gmt":"2025-08-06T20:36:45","slug":"infoalumnos","status":"publish","type":"page","link":"https:\/\/colegiovallarta.mx\/ojodeagua\/infoalumnos\/","title":{"rendered":"Infoalumnos"},"content":{"rendered":"\n    \n    <section class=\"u-clearfix u-image u-shading u-section-2\" id=\"sec-1b80\" style=\"background-image: linear-gradient(0deg, rgba(28, 53, 94, 0.15), rgba(28, 53, 94, 0.15)), url(&quot;https:\/\/colegiovallarta.mx\/ojodeagua\/wp-content\/uploads\/2021\/01\/Tecnologaenlaeducacin.png&quot;);\">\n      <div class=\"u-clearfix u-sheet u-sheet-1\"><\/div>\n    <\/section>\n    <section class=\"u-clearfix u-image u-section-3\" id=\"sec-5a8c\" data-image-width=\"1920\" data-image-height=\"1080\" style=\"background-image: url(&quot;https:\/\/colegiovallarta.mx\/ojodeagua\/wp-content\/uploads\/2023\/06\/FondoCV-bg.png&quot;);\">\n      <div class=\"u-clearfix u-sheet u-valign-middle-lg u-valign-middle-xs u-sheet-1\">\n        <p class=\"u-align-center u-custom-font u-font-montserrat u-text u-text-1\">Queridos padres y madres de familia de <span style=\"font-weight: 700;\" class=\"u-text-custom-color-2\">Comunidad Vallarta<\/span>, recuerde estar al tanto de todo lo que ocurre en el Colegio\na trav\u00e9s de la plataforma InfoAlumnos.&nbsp;<br><span style=\"font-style: italic;\">Para ingresar de clic en el siguiente bot\u00f3n:<\/span>\n        <\/p>\n        <a href=\"https:\/\/innovat1.mx\/gmural\/alumnos\/\/#\/\" class=\"u-border-2 u-border-white u-btn u-button-style u-custom-color-4 u-custom-font u-font-montserrat u-btn-1\" target=\"_blank\">Ingresar | INFO ALUMNOS<\/a>\n        <img decoding=\"async\" src=\"https:\/\/colegiovallarta.mx\/ojodeagua\/wp-content\/uploads\/2021\/01\/Mahuidigital.png\" alt=\"\" class=\"u-image u-image-default u-image-1\" data-animation-name=\"slideIn\" data-animation-duration=\"1000\" data-animation-delay=\"0\" data-animation-direction=\"Right\">\n        <div class=\"u-border-2 u-border-white u-expanded-width-xs u-video u-video-contain u-video-1\">\n          <div class=\"embed-responsive embed-responsive-1\">\n            <iframe style=\"position: absolute;top: 0;left: 0;width: 100%;height: 100%;\" class=\"embed-responsive-item\" src=\"https:\/\/www.youtube.com\/embed\/-Y4D-mvSxN8?mute=0&amp;showinfo=0&amp;controls=0&amp;start=0\" frameborder=\"0\" allowfullscreen=\"\"><\/iframe>\n          <\/div>\n        <\/div>\n        <p class=\"u-align-center u-custom-font u-font-montserrat u-text u-text-2\"> Si tienes dudas para ingresar, puedes contactarnos v\u00eda WhatsApp al <br>&#x1f4f2;<span style=\"font-weight: 700;\" class=\"u-text-custom-color-20\">55 4030 5249 <\/span>o escribirnos a &#x1f4e9; <a href=\"mailto:comunicaciones@colegiovallarta.mx\" class=\"u-active-none u-border-none u-btn u-button-link u-button-style u-hover-none u-none u-text-palette-1-base u-btn-2\">comunicaciones@colegiovallarta.mx<\/a>\n          <br>\n        <\/p>\n      <\/div>\n    <\/section>\n    \n    \n    \n    \n    \n  \n","protected":false},"excerpt":{"rendered":"<p>Queridos padres y madres de familia de Comunidad Vallarta, recuerde estar al tanto de todo lo que ocurre en el Colegio a trav\u00e9s de la plataforma InfoAlumnos.&nbsp;Para ingresar de clic en el siguiente bot\u00f3n: Ingresar | INFO ALUMNOS Si tienes dudas para ingresar, puedes contactarnos v\u00eda WhatsApp al &#x1f4f2;55 4030 5249 o escribirnos a &#x1f4e9; &hellip; <a href=\"https:\/\/colegiovallarta.mx\/ojodeagua\/infoalumnos\/\" class=\"more-link\">Continue reading<span class=\"screen-reader-text\"> \u00abInfoalumnos\u00bb<\/span><\/a><\/p>\n","protected":false},"author":2,"featured_media":0,"parent":0,"menu_order":1,"comment_status":"closed","ping_status":"closed","template":"","meta":{"_uag_custom_page_level_css":"","footnotes":""},"class_list":["post-2904","page","type-page","status-publish","hentry"],"yoast_head":"<!-- This site is optimized with the Yoast SEO plugin v26.9 - https:\/\/yoast.com\/product\/yoast-seo-wordpress\/ -->\n<title>Infoalumnos - Colegio Vallarta - Ojo de agua<\/title>\n<meta name=\"description\" content=\"Queridos padres y madres de familia, recuerden estar al tanto de todo lo que ocurre en el Colegio a trav\u00e9s de la plataforma InfoAlumnos.\" \/>\n<meta name=\"robots\" content=\"index, follow, max-snippet:-1, max-image-preview:large, max-video-preview:-1\" \/>\n<link rel=\"canonical\" href=\"https:\/\/colegiovallarta.mx\/ojodeagua\/infoalumnos\/\" \/>\n<meta property=\"og:locale\" content=\"es_ES\" \/>\n<meta property=\"og:type\" content=\"article\" \/>\n<meta property=\"og:title\" content=\"Infoalumnos - Colegio Vallarta - Ojo de agua\" \/>\n<meta property=\"og:description\" content=\"Queridos padres y madres de familia, recuerden estar al tanto de todo lo que ocurre en el Colegio a trav\u00e9s de la plataforma InfoAlumnos.\" \/>\n<meta property=\"og:url\" content=\"https:\/\/colegiovallarta.mx\/ojodeagua\/infoalumnos\/\" \/>\n<meta property=\"og:site_name\" content=\"Colegio Vallarta - Ojo de agua\" \/>\n<meta property=\"article:publisher\" content=\"https:\/\/www.facebook.com\/colegiovallartaojodeagua\" \/>\n<meta property=\"article:modified_time\" content=\"2025-08-06T20:36:45+00:00\" \/>\n<meta property=\"og:image\" content=\"https:\/\/colegiovallarta.mx\/ojodeagua\/wp-content\/uploads\/2021\/01\/Logo-colegio-vallarta-con-bandera.jpg\" \/>\n\t<meta property=\"og:image:width\" content=\"1042\" \/>\n\t<meta property=\"og:image:height\" content=\"1042\" \/>\n\t<meta property=\"og:image:type\" content=\"image\/jpeg\" \/>\n<meta name=\"twitter:card\" content=\"summary_large_image\" \/>\n<script type=\"application\/ld+json\" class=\"yoast-schema-graph\">{\"@context\":\"https:\/\/schema.org\",\"@graph\":[{\"@type\":\"WebPage\",\"@id\":\"https:\/\/colegiovallarta.mx\/ojodeagua\/infoalumnos\/\",\"url\":\"https:\/\/colegiovallarta.mx\/ojodeagua\/infoalumnos\/\",\"name\":\"Infoalumnos - Colegio Vallarta - Ojo de agua\",\"isPartOf\":{\"@id\":\"https:\/\/colegiovallarta.mx\/ojodeagua\/#website\"},\"datePublished\":\"2021-01-13T17:13:32+00:00\",\"dateModified\":\"2025-08-06T20:36:45+00:00\",\"description\":\"Queridos padres y madres de familia, recuerden estar al tanto de todo lo que ocurre en el Colegio a trav\u00e9s de la plataforma InfoAlumnos.\",\"breadcrumb\":{\"@id\":\"https:\/\/colegiovallarta.mx\/ojodeagua\/infoalumnos\/#breadcrumb\"},\"inLanguage\":\"es\",\"potentialAction\":[{\"@type\":\"ReadAction\",\"target\":[\"https:\/\/colegiovallarta.mx\/ojodeagua\/infoalumnos\/\"]}]},{\"@type\":\"BreadcrumbList\",\"@id\":\"https:\/\/colegiovallarta.mx\/ojodeagua\/infoalumnos\/#breadcrumb\",\"itemListElement\":[{\"@type\":\"ListItem\",\"position\":1,\"name\":\"Portada\",\"item\":\"https:\/\/colegiovallarta.mx\/ojodeagua\/\"},{\"@type\":\"ListItem\",\"position\":2,\"name\":\"Infoalumnos\"}]},{\"@type\":\"WebSite\",\"@id\":\"https:\/\/colegiovallarta.mx\/ojodeagua\/#website\",\"url\":\"https:\/\/colegiovallarta.mx\/ojodeagua\/\",\"name\":\"Colegio Vallarta - Ojo de agua\",\"description\":\"Lideres en educaci\u00f3n desde 1975\",\"publisher\":{\"@id\":\"https:\/\/colegiovallarta.mx\/ojodeagua\/#organization\"},\"potentialAction\":[{\"@type\":\"SearchAction\",\"target\":{\"@type\":\"EntryPoint\",\"urlTemplate\":\"https:\/\/colegiovallarta.mx\/ojodeagua\/?s={search_term_string}\"},\"query-input\":{\"@type\":\"PropertyValueSpecification\",\"valueRequired\":true,\"valueName\":\"search_term_string\"}}],\"inLanguage\":\"es\"},{\"@type\":\"Organization\",\"@id\":\"https:\/\/colegiovallarta.mx\/ojodeagua\/#organization\",\"name\":\"Colegio Vallarta - Ojo de agua\",\"url\":\"https:\/\/colegiovallarta.mx\/ojodeagua\/\",\"logo\":{\"@type\":\"ImageObject\",\"inLanguage\":\"es\",\"@id\":\"https:\/\/colegiovallarta.mx\/ojodeagua\/#\/schema\/logo\/image\/\",\"url\":\"\",\"contentUrl\":\"\",\"caption\":\"Colegio Vallarta - Ojo de agua\"},\"image\":{\"@id\":\"https:\/\/colegiovallarta.mx\/ojodeagua\/#\/schema\/logo\/image\/\"},\"sameAs\":[\"https:\/\/www.facebook.com\/colegiovallartaojodeagua\",\"https:\/\/www.instagram.com\/colevallartamx\/\",\"https:\/\/www.youtube.com\/channel\/UCrTCzT4Zvx2gXLmW-MoC9EQ\/featured\"]}]}<\/script>\n<!-- \/ Yoast SEO plugin. -->","yoast_head_json":{"title":"Infoalumnos - Colegio Vallarta - Ojo de agua","description":"Queridos padres y madres de familia, recuerden estar al tanto de todo lo que ocurre en el Colegio a trav\u00e9s de la plataforma InfoAlumnos.","robots":{"index":"index","follow":"follow","max-snippet":"max-snippet:-1","max-image-preview":"max-image-preview:large","max-video-preview":"max-video-preview:-1"},"canonical":"https:\/\/colegiovallarta.mx\/ojodeagua\/infoalumnos\/","og_locale":"es_ES","og_type":"article","og_title":"Infoalumnos - Colegio Vallarta - Ojo de agua","og_description":"Queridos padres y madres de familia, recuerden estar al tanto de todo lo que ocurre en el Colegio a trav\u00e9s de la plataforma InfoAlumnos.","og_url":"https:\/\/colegiovallarta.mx\/ojodeagua\/infoalumnos\/","og_site_name":"Colegio Vallarta - Ojo de agua","article_publisher":"https:\/\/www.facebook.com\/colegiovallartaojodeagua","article_modified_time":"2025-08-06T20:36:45+00:00","og_image":[{"width":1042,"height":1042,"url":"https:\/\/colegiovallarta.mx\/ojodeagua\/wp-content\/uploads\/2021\/01\/Logo-colegio-vallarta-con-bandera.jpg","type":"image\/jpeg"}],"twitter_card":"summary_large_image","schema":{"@context":"https:\/\/schema.org","@graph":[{"@type":"WebPage","@id":"https:\/\/colegiovallarta.mx\/ojodeagua\/infoalumnos\/","url":"https:\/\/colegiovallarta.mx\/ojodeagua\/infoalumnos\/","name":"Infoalumnos - Colegio Vallarta - Ojo de agua","isPartOf":{"@id":"https:\/\/colegiovallarta.mx\/ojodeagua\/#website"},"datePublished":"2021-01-13T17:13:32+00:00","dateModified":"2025-08-06T20:36:45+00:00","description":"Queridos padres y madres de familia, recuerden estar al tanto de todo lo que ocurre en el Colegio a trav\u00e9s de la plataforma InfoAlumnos.","breadcrumb":{"@id":"https:\/\/colegiovallarta.mx\/ojodeagua\/infoalumnos\/#breadcrumb"},"inLanguage":"es","potentialAction":[{"@type":"ReadAction","target":["https:\/\/colegiovallarta.mx\/ojodeagua\/infoalumnos\/"]}]},{"@type":"BreadcrumbList","@id":"https:\/\/colegiovallarta.mx\/ojodeagua\/infoalumnos\/#breadcrumb","itemListElement":[{"@type":"ListItem","position":1,"name":"Portada","item":"https:\/\/colegiovallarta.mx\/ojodeagua\/"},{"@type":"ListItem","position":2,"name":"Infoalumnos"}]},{"@type":"WebSite","@id":"https:\/\/colegiovallarta.mx\/ojodeagua\/#website","url":"https:\/\/colegiovallarta.mx\/ojodeagua\/","name":"Colegio Vallarta - Ojo de agua","description":"Lideres en educaci\u00f3n desde 1975","publisher":{"@id":"https:\/\/colegiovallarta.mx\/ojodeagua\/#organization"},"potentialAction":[{"@type":"SearchAction","target":{"@type":"EntryPoint","urlTemplate":"https:\/\/colegiovallarta.mx\/ojodeagua\/?s={search_term_string}"},"query-input":{"@type":"PropertyValueSpecification","valueRequired":true,"valueName":"search_term_string"}}],"inLanguage":"es"},{"@type":"Organization","@id":"https:\/\/colegiovallarta.mx\/ojodeagua\/#organization","name":"Colegio Vallarta - Ojo de agua","url":"https:\/\/colegiovallarta.mx\/ojodeagua\/","logo":{"@type":"ImageObject","inLanguage":"es","@id":"https:\/\/colegiovallarta.mx\/ojodeagua\/#\/schema\/logo\/image\/","url":"","contentUrl":"","caption":"Colegio Vallarta - Ojo de agua"},"image":{"@id":"https:\/\/colegiovallarta.mx\/ojodeagua\/#\/schema\/logo\/image\/"},"sameAs":["https:\/\/www.facebook.com\/colegiovallartaojodeagua","https:\/\/www.instagram.com\/colevallartamx\/","https:\/\/www.youtube.com\/channel\/UCrTCzT4Zvx2gXLmW-MoC9EQ\/featured"]}]}},"uagb_featured_image_src":{"full":false,"thumbnail":false,"medium":false,"medium_large":false,"large":false,"1536x1536":false,"2048x2048":false,"post-thumbnail":false},"uagb_author_info":{"display_name":"Ojo de agua","author_link":"https:\/\/colegiovallarta.mx\/ojodeagua\/author\/administrador\/"},"uagb_comment_info":0,"uagb_excerpt":"Queridos padres y madres de familia de Comunidad Vallarta, recuerde estar al tanto de todo lo que ocurre en el Colegio a trav\u00e9s de la plataforma InfoAlumnos.&nbsp;Para ingresar de clic en el siguiente bot\u00f3n: Ingresar | INFO ALUMNOS Si tienes dudas para ingresar, puedes contactarnos v\u00eda WhatsApp al &#x1f4f2;55 4030 5249 o escribirnos a &#x1f4e9;&hellip;","_links":{"self":[{"href":"https:\/\/colegiovallarta.mx\/ojodeagua\/wp-json\/wp\/v2\/pages\/2904","targetHints":{"allow":["GET"]}}],"collection":[{"href":"https:\/\/colegiovallarta.mx\/ojodeagua\/wp-json\/wp\/v2\/pages"}],"about":[{"href":"https:\/\/colegiovallarta.mx\/ojodeagua\/wp-json\/wp\/v2\/types\/page"}],"author":[{"embeddable":true,"href":"https:\/\/colegiovallarta.mx\/ojodeagua\/wp-json\/wp\/v2\/users\/2"}],"replies":[{"embeddable":true,"href":"https:\/\/colegiovallarta.mx\/ojodeagua\/wp-json\/wp\/v2\/comments?post=2904"}],"version-history":[{"count":5,"href":"https:\/\/colegiovallarta.mx\/ojodeagua\/wp-json\/wp\/v2\/pages\/2904\/revisions"}],"predecessor-version":[{"id":4380,"href":"https:\/\/colegiovallarta.mx\/ojodeagua\/wp-json\/wp\/v2\/pages\/2904\/revisions\/4380"}],"wp:attachment":[{"href":"https:\/\/colegiovallarta.mx\/ojodeagua\/wp-json\/wp\/v2\/media?parent=2904"}],"curies":[{"name":"wp","href":"https:\/\/api.w.org\/{rel}","templated":true}]}}