{"id":3032,"date":"2021-01-13T13:58:27","date_gmt":"2021-01-13T19:58:27","guid":{"rendered":"http:\/\/colegiovallarta.mx\/ojodeagua\/?page_id=3032"},"modified":"2022-01-19T20:54:54","modified_gmt":"2022-01-20T02:54:54","slug":"politica-de-privacidad","status":"publish","type":"page","link":"https:\/\/colegiovallarta.mx\/ojodeagua\/politica-de-privacidad\/","title":{"rendered":"Pol\u00edtica de privacidad"},"content":{"rendered":"\n    \n    <section class=\"u-clearfix u-palette-5-light-3 u-section-2\" id=\"sec-ef0c\">\n      <div class=\"u-clearfix u-sheet u-valign-middle u-sheet-1\">\n        <h1 class=\"u-custom-font u-font-montserrat u-text u-text-custom-color-2 u-title u-text-1\">Pol\u00edtica de <span style=\"font-weight: 700;\">privacidad<\/span>\n        <\/h1>\n      <\/div>\n    <\/section>\n    <section class=\"u-clearfix u-section-3\" id=\"carousel_c05b\">\n      <div class=\"u-clearfix u-sheet u-sheet-1\">\n        <div class=\"u-align-justify u-container-style u-expanded-width-xl u-group u-shape-rectangle u-group-1\">\n          <div class=\"u-container-layout u-container-layout-1\">\n            <p class=\"u-custom-font u-font-montserrat u-text u-text-1\">En Colegio Vallarta - Ojo de Agua, la privacidad de nuestros visitantes es de extrema importancia para nosotros. Este documento de pol\u00edtica de privacidad describe los tipos de informaci\u00f3n personal que recibe y recopila&nbsp;Colegio Vallarta - Ojo de Agua&nbsp;y c\u00f3mo se utiliza. <br>\n              <br>\n              <span style=\"font-weight: 700;\" class=\"u-text-custom-color-2\">Archivos de registro <\/span>\n              <br>\n              <br>Al igual que muchos otros sitios web,&nbsp;Colegio Vallarta - Ojo de Agua&nbsp;hace uso de archivos de registro. La informaci\u00f3n dentro de los archivos de registro incluye direcciones de protocolo de Internet (IP), tipo de navegador, proveedor de servicios de Internet (ISP), sello de fecha \/ hora, p\u00e1ginas de referencia \/ salida y n\u00famero de clics para analizar tendencias, administrar el sitio, rastrear el movimiento del usuario alrededor del sitio y recopilar informaci\u00f3n demogr\u00e1fica. Las direcciones IP y otra informaci\u00f3n similar no est\u00e1n vinculadas a ninguna informaci\u00f3n que sea personalmente identificable. <br>\n              <br>\n              <span style=\"font-weight: 700;\" class=\"u-text-custom-color-2\">Cookies and Web Beacons <\/span>\n              <br>\n              <br>Colegio Vallarta - Ojo de Agua&nbsp;utiliza cookies para almacenar informaci\u00f3n sobre las preferencias de los visitantes, registrar informaci\u00f3n espec\u00edfica del usuario en qu\u00e9 p\u00e1ginas accede o visita el usuario, personaliza el contenido de la p\u00e1gina web seg\u00fan el tipo de navegador de los visitantes u otra informaci\u00f3n que el visitante env\u00eda a trav\u00e9s de su navegador. <br>\n              <br>\n              <span style=\"font-weight: 700;\" class=\"u-text-custom-color-2\">DoubleClick DART Cookie <\/span>\n              <br>\n              <br>Google como proveedor externo, utiliza cookies para publicar anuncios en&nbsp;Colegio Vallarta - Ojo de Agua. <br>\n              <br>El uso de Google de la cookie de DART le permite publicar anuncios a los usuarios en funci\u00f3n de su visita en&nbsp;Colegio Vallarta - Ojo de Agua&nbsp;y otros sitios en Internet. Los usuarios pueden optar por el uso de la cookie de DART visitando la pol\u00edtica de privacidad de la red de contenido y anuncios de Google en la siguiente URL: https:\/\/www.google.com\/policies\/privacy\/. <br>\n              <br>Estos servidores de anuncios de terceros o redes publicitarias usan tecnolog\u00eda para los anuncios y enlaces que aparecen en&nbsp;Colegio Vallarta - Ojo de Agua&nbsp;que env\u00edan directamente a sus navegadores. Reciben autom\u00e1ticamente su direcci\u00f3n IP cuando esto ocurre. Las redes publicitarias de terceros tambi\u00e9n pueden utilizar otras tecnolog\u00edas (como cookies, JavaScript o web beacons) para medir la efectividad de sus anuncios y \/ o personalizar el contenido publicitario que ve. <br>\n              <br>Colegio Vallarta - Ojo de Agua&nbsp;no tienen acceso ni control sobre estas cookies que utilizan los anunciantes de terceros.<br>\n              <br>Debe consultar las pol\u00edticas de privacidad respectivas de estos servidores de anuncios de terceros para obtener informaci\u00f3n m\u00e1s detallada sobre sus pr\u00e1cticas, as\u00ed como para obtener instrucciones sobre c\u00f3mo darse de baja de ciertas pr\u00e1cticas. La pol\u00edtica de privacidad de&nbsp;Colegio Vallarta - Ojo de Agua&nbsp;no se aplica y no podemos controlar las actividades de otros anunciantes o sitios web. <br>\n              <br>Si desea desactivar las cookies, puede hacerlo a trav\u00e9s de las opciones de su navegador individual. Se puede encontrar informaci\u00f3n m\u00e1s detallada sobre la gesti\u00f3n de cookies con navegadores web espec\u00edficos en los respectivos sitios web del navegador.\n            <\/p>\n          <\/div>\n        <\/div>\n      <\/div>\n    <\/section>\n    \n    \n    \n  \n","protected":false},"excerpt":{"rendered":"<p>Pol\u00edtica de privacidad En Colegio Vallarta &#8211; Ojo de Agua, la privacidad de nuestros visitantes es de extrema importancia para nosotros. Este documento de pol\u00edtica de privacidad describe los tipos de informaci\u00f3n personal que recibe y recopila&nbsp;Colegio Vallarta &#8211; Ojo de Agua&nbsp;y c\u00f3mo se utiliza. Archivos de registro Al igual que muchos otros sitios web,&nbsp;Colegio &hellip; <a href=\"https:\/\/colegiovallarta.mx\/ojodeagua\/politica-de-privacidad\/\" class=\"more-link\">Continue reading<span class=\"screen-reader-text\"> \u00abPol\u00edtica de privacidad\u00bb<\/span><\/a><\/p>\n","protected":false},"author":2,"featured_media":0,"parent":0,"menu_order":0,"comment_status":"closed","ping_status":"closed","template":"","meta":{"_uag_custom_page_level_css":"","footnotes":""},"class_list":["post-3032","page","type-page","status-publish","hentry"],"yoast_head":"<!-- This site is optimized with the Yoast SEO plugin v26.9 - https:\/\/yoast.com\/product\/yoast-seo-wordpress\/ -->\n<title>Pol\u00edtica de privacidad - Colegio Vallarta - Ojo de agua<\/title>\n<meta name=\"description\" content=\"Esta pol\u00edtica de privacidad describe los tipos de informaci\u00f3n personal que recibe y recopila Colegio Vallarta - Ojo de Agua y c\u00f3mo se usa.\" \/>\n<meta name=\"robots\" content=\"index, follow, max-snippet:-1, max-image-preview:large, max-video-preview:-1\" \/>\n<link rel=\"canonical\" href=\"https:\/\/colegiovallarta.mx\/ojodeagua\/politica-de-privacidad\/\" \/>\n<meta property=\"og:locale\" content=\"es_ES\" \/>\n<meta property=\"og:type\" content=\"article\" \/>\n<meta property=\"og:title\" content=\"Pol\u00edtica de privacidad - Colegio Vallarta - Ojo de agua\" \/>\n<meta property=\"og:description\" content=\"Esta pol\u00edtica de privacidad describe los tipos de informaci\u00f3n personal que recibe y recopila Colegio Vallarta - Ojo de Agua y c\u00f3mo se usa.\" \/>\n<meta property=\"og:url\" content=\"https:\/\/colegiovallarta.mx\/ojodeagua\/politica-de-privacidad\/\" \/>\n<meta property=\"og:site_name\" content=\"Colegio Vallarta - Ojo de agua\" \/>\n<meta property=\"article:publisher\" content=\"https:\/\/www.facebook.com\/colegiovallartaojodeagua\" \/>\n<meta property=\"article:modified_time\" content=\"2022-01-20T02:54:54+00:00\" \/>\n<meta property=\"og:image\" content=\"https:\/\/colegiovallarta.mx\/ojodeagua\/wp-content\/uploads\/2021\/01\/Logo-colegio-vallarta-con-bandera.jpg\" \/>\n\t<meta property=\"og:image:width\" content=\"1042\" \/>\n\t<meta property=\"og:image:height\" content=\"1042\" \/>\n\t<meta property=\"og:image:type\" content=\"image\/jpeg\" \/>\n<meta name=\"twitter:card\" content=\"summary_large_image\" \/>\n<meta name=\"twitter:label1\" content=\"Tiempo de lectura\" \/>\n\t<meta name=\"twitter:data1\" content=\"3 minutos\" \/>\n<script type=\"application\/ld+json\" class=\"yoast-schema-graph\">{\"@context\":\"https:\/\/schema.org\",\"@graph\":[{\"@type\":\"WebPage\",\"@id\":\"https:\/\/colegiovallarta.mx\/ojodeagua\/politica-de-privacidad\/\",\"url\":\"https:\/\/colegiovallarta.mx\/ojodeagua\/politica-de-privacidad\/\",\"name\":\"Pol\u00edtica de privacidad - Colegio Vallarta - Ojo de agua\",\"isPartOf\":{\"@id\":\"https:\/\/colegiovallarta.mx\/ojodeagua\/#website\"},\"datePublished\":\"2021-01-13T19:58:27+00:00\",\"dateModified\":\"2022-01-20T02:54:54+00:00\",\"description\":\"Esta pol\u00edtica de privacidad describe los tipos de informaci\u00f3n personal que recibe y recopila Colegio Vallarta - Ojo de Agua y c\u00f3mo se usa.\",\"breadcrumb\":{\"@id\":\"https:\/\/colegiovallarta.mx\/ojodeagua\/politica-de-privacidad\/#breadcrumb\"},\"inLanguage\":\"es\",\"potentialAction\":[{\"@type\":\"ReadAction\",\"target\":[\"https:\/\/colegiovallarta.mx\/ojodeagua\/politica-de-privacidad\/\"]}]},{\"@type\":\"BreadcrumbList\",\"@id\":\"https:\/\/colegiovallarta.mx\/ojodeagua\/politica-de-privacidad\/#breadcrumb\",\"itemListElement\":[{\"@type\":\"ListItem\",\"position\":1,\"name\":\"Portada\",\"item\":\"https:\/\/colegiovallarta.mx\/ojodeagua\/\"},{\"@type\":\"ListItem\",\"position\":2,\"name\":\"Pol\u00edtica de privacidad\"}]},{\"@type\":\"WebSite\",\"@id\":\"https:\/\/colegiovallarta.mx\/ojodeagua\/#website\",\"url\":\"https:\/\/colegiovallarta.mx\/ojodeagua\/\",\"name\":\"Colegio Vallarta - Ojo de agua\",\"description\":\"Lideres en educaci\u00f3n desde 1975\",\"publisher\":{\"@id\":\"https:\/\/colegiovallarta.mx\/ojodeagua\/#organization\"},\"potentialAction\":[{\"@type\":\"SearchAction\",\"target\":{\"@type\":\"EntryPoint\",\"urlTemplate\":\"https:\/\/colegiovallarta.mx\/ojodeagua\/?s={search_term_string}\"},\"query-input\":{\"@type\":\"PropertyValueSpecification\",\"valueRequired\":true,\"valueName\":\"search_term_string\"}}],\"inLanguage\":\"es\"},{\"@type\":\"Organization\",\"@id\":\"https:\/\/colegiovallarta.mx\/ojodeagua\/#organization\",\"name\":\"Colegio Vallarta - Ojo de agua\",\"url\":\"https:\/\/colegiovallarta.mx\/ojodeagua\/\",\"logo\":{\"@type\":\"ImageObject\",\"inLanguage\":\"es\",\"@id\":\"https:\/\/colegiovallarta.mx\/ojodeagua\/#\/schema\/logo\/image\/\",\"url\":\"\",\"contentUrl\":\"\",\"caption\":\"Colegio Vallarta - Ojo de agua\"},\"image\":{\"@id\":\"https:\/\/colegiovallarta.mx\/ojodeagua\/#\/schema\/logo\/image\/\"},\"sameAs\":[\"https:\/\/www.facebook.com\/colegiovallartaojodeagua\",\"https:\/\/www.instagram.com\/colevallartamx\/\",\"https:\/\/www.youtube.com\/channel\/UCrTCzT4Zvx2gXLmW-MoC9EQ\/featured\"]}]}<\/script>\n<!-- \/ Yoast SEO plugin. -->","yoast_head_json":{"title":"Pol\u00edtica de privacidad - Colegio Vallarta - Ojo de agua","description":"Esta pol\u00edtica de privacidad describe los tipos de informaci\u00f3n personal que recibe y recopila Colegio Vallarta - Ojo de Agua y c\u00f3mo se usa.","robots":{"index":"index","follow":"follow","max-snippet":"max-snippet:-1","max-image-preview":"max-image-preview:large","max-video-preview":"max-video-preview:-1"},"canonical":"https:\/\/colegiovallarta.mx\/ojodeagua\/politica-de-privacidad\/","og_locale":"es_ES","og_type":"article","og_title":"Pol\u00edtica de privacidad - Colegio Vallarta - Ojo de agua","og_description":"Esta pol\u00edtica de privacidad describe los tipos de informaci\u00f3n personal que recibe y recopila Colegio Vallarta - Ojo de Agua y c\u00f3mo se usa.","og_url":"https:\/\/colegiovallarta.mx\/ojodeagua\/politica-de-privacidad\/","og_site_name":"Colegio Vallarta - Ojo de agua","article_publisher":"https:\/\/www.facebook.com\/colegiovallartaojodeagua","article_modified_time":"2022-01-20T02:54:54+00:00","og_image":[{"width":1042,"height":1042,"url":"https:\/\/colegiovallarta.mx\/ojodeagua\/wp-content\/uploads\/2021\/01\/Logo-colegio-vallarta-con-bandera.jpg","type":"image\/jpeg"}],"twitter_card":"summary_large_image","twitter_misc":{"Tiempo de lectura":"3 minutos"},"schema":{"@context":"https:\/\/schema.org","@graph":[{"@type":"WebPage","@id":"https:\/\/colegiovallarta.mx\/ojodeagua\/politica-de-privacidad\/","url":"https:\/\/colegiovallarta.mx\/ojodeagua\/politica-de-privacidad\/","name":"Pol\u00edtica de privacidad - Colegio Vallarta - Ojo de agua","isPartOf":{"@id":"https:\/\/colegiovallarta.mx\/ojodeagua\/#website"},"datePublished":"2021-01-13T19:58:27+00:00","dateModified":"2022-01-20T02:54:54+00:00","description":"Esta pol\u00edtica de privacidad describe los tipos de informaci\u00f3n personal que recibe y recopila Colegio Vallarta - Ojo de Agua y c\u00f3mo se usa.","breadcrumb":{"@id":"https:\/\/colegiovallarta.mx\/ojodeagua\/politica-de-privacidad\/#breadcrumb"},"inLanguage":"es","potentialAction":[{"@type":"ReadAction","target":["https:\/\/colegiovallarta.mx\/ojodeagua\/politica-de-privacidad\/"]}]},{"@type":"BreadcrumbList","@id":"https:\/\/colegiovallarta.mx\/ojodeagua\/politica-de-privacidad\/#breadcrumb","itemListElement":[{"@type":"ListItem","position":1,"name":"Portada","item":"https:\/\/colegiovallarta.mx\/ojodeagua\/"},{"@type":"ListItem","position":2,"name":"Pol\u00edtica de privacidad"}]},{"@type":"WebSite","@id":"https:\/\/colegiovallarta.mx\/ojodeagua\/#website","url":"https:\/\/colegiovallarta.mx\/ojodeagua\/","name":"Colegio Vallarta - Ojo de agua","description":"Lideres en educaci\u00f3n desde 1975","publisher":{"@id":"https:\/\/colegiovallarta.mx\/ojodeagua\/#organization"},"potentialAction":[{"@type":"SearchAction","target":{"@type":"EntryPoint","urlTemplate":"https:\/\/colegiovallarta.mx\/ojodeagua\/?s={search_term_string}"},"query-input":{"@type":"PropertyValueSpecification","valueRequired":true,"valueName":"search_term_string"}}],"inLanguage":"es"},{"@type":"Organization","@id":"https:\/\/colegiovallarta.mx\/ojodeagua\/#organization","name":"Colegio Vallarta - Ojo de agua","url":"https:\/\/colegiovallarta.mx\/ojodeagua\/","logo":{"@type":"ImageObject","inLanguage":"es","@id":"https:\/\/colegiovallarta.mx\/ojodeagua\/#\/schema\/logo\/image\/","url":"","contentUrl":"","caption":"Colegio Vallarta - Ojo de agua"},"image":{"@id":"https:\/\/colegiovallarta.mx\/ojodeagua\/#\/schema\/logo\/image\/"},"sameAs":["https:\/\/www.facebook.com\/colegiovallartaojodeagua","https:\/\/www.instagram.com\/colevallartamx\/","https:\/\/www.youtube.com\/channel\/UCrTCzT4Zvx2gXLmW-MoC9EQ\/featured"]}]}},"uagb_featured_image_src":{"full":false,"thumbnail":false,"medium":false,"medium_large":false,"large":false,"1536x1536":false,"2048x2048":false,"post-thumbnail":false},"uagb_author_info":{"display_name":"Ojo de agua","author_link":"https:\/\/colegiovallarta.mx\/ojodeagua\/author\/administrador\/"},"uagb_comment_info":0,"uagb_excerpt":"Pol\u00edtica de privacidad En Colegio Vallarta - Ojo de Agua, la privacidad de nuestros visitantes es de extrema importancia para nosotros. Este documento de pol\u00edtica de privacidad describe los tipos de informaci\u00f3n personal que recibe y recopila&nbsp;Colegio Vallarta - Ojo de Agua&nbsp;y c\u00f3mo se utiliza. Archivos de registro Al igual que muchos otros sitios web,&nbsp;Colegio&hellip;","_links":{"self":[{"href":"https:\/\/colegiovallarta.mx\/ojodeagua\/wp-json\/wp\/v2\/pages\/3032","targetHints":{"allow":["GET"]}}],"collection":[{"href":"https:\/\/colegiovallarta.mx\/ojodeagua\/wp-json\/wp\/v2\/pages"}],"about":[{"href":"https:\/\/colegiovallarta.mx\/ojodeagua\/wp-json\/wp\/v2\/types\/page"}],"author":[{"embeddable":true,"href":"https:\/\/colegiovallarta.mx\/ojodeagua\/wp-json\/wp\/v2\/users\/2"}],"replies":[{"embeddable":true,"href":"https:\/\/colegiovallarta.mx\/ojodeagua\/wp-json\/wp\/v2\/comments?post=3032"}],"version-history":[{"count":5,"href":"https:\/\/colegiovallarta.mx\/ojodeagua\/wp-json\/wp\/v2\/pages\/3032\/revisions"}],"predecessor-version":[{"id":3325,"href":"https:\/\/colegiovallarta.mx\/ojodeagua\/wp-json\/wp\/v2\/pages\/3032\/revisions\/3325"}],"wp:attachment":[{"href":"https:\/\/colegiovallarta.mx\/ojodeagua\/wp-json\/wp\/v2\/media?parent=3032"}],"curies":[{"name":"wp","href":"https:\/\/api.w.org\/{rel}","templated":true}]}}