{"id":3041,"date":"2021-01-13T14:13:07","date_gmt":"2021-01-13T20:13:07","guid":{"rendered":"http:\/\/colegiovallarta.mx\/ojodeagua\/?page_id=3041"},"modified":"2022-01-23T00:03:25","modified_gmt":"2022-01-23T06:03:25","slug":"terminos-y-condiciones","status":"publish","type":"page","link":"https:\/\/colegiovallarta.mx\/ojodeagua\/terminos-y-condiciones\/","title":{"rendered":"T\u00e9rminos y condiciones"},"content":{"rendered":"\n    \n    <section class=\"u-clearfix u-palette-5-light-3 u-section-2\" id=\"sec-0527\">\n      <div class=\"u-clearfix u-sheet u-valign-middle u-sheet-1\">\n        <h1 class=\"u-custom-font u-font-montserrat u-text u-text-custom-color-NaN u-title u-text-1\">\n          <span class=\"u-text-custom-color-2\">T\u00e9rminos y condiciones<\/span>\n        <\/h1>\n      <\/div>\n    <\/section>\n    <section class=\"u-clearfix u-valign-bottom-xs u-valign-middle-md u-section-3\" id=\"carousel_c05b\">\n      <div class=\"u-clearfix u-sheet u-valign-middle u-sheet-1\">\n        <div class=\"u-align-justify u-container-style u-expanded-width u-group u-shape-rectangle u-group-1\">\n          <div class=\"u-container-layout u-valign-top-lg u-valign-top-md u-container-layout-1\">\n            <p class=\"u-custom-font u-font-montserrat u-text u-text-1\">Bienvenido a Colegio Vallarta - Ojo de Agua. Si contin\u00faa navegando y utilizando este sitio web, acepta cumplir y estar sujeto a los siguientes t\u00e9rminos y condiciones de uso, que junto con nuestra pol\u00edtica de privacidad rigen la relaci\u00f3n de Colegio Vallarta - Ojo de Agua&nbsp;con usted en relaci\u00f3n con este sitio web. <br>\n              <br>El t\u00e9rmino Colegio Vallarta - Ojo de Agua&nbsp;o 'nosotros' se refiere al propietario del sitio web. El t\u00e9rmino \"usted\" se refiere al usuario o visitante de nuestro sitio web. El uso de este sitio web est\u00e1 sujeto a los siguientes t\u00e9rminos de uso: <br>\n              <br>El contenido de las p\u00e1ginas de este sitio web es solo para su informaci\u00f3n general y uso. Est\u00e1 sujeto a cambios sin previo aviso. <br>\n              <br>Ni nosotros ni ning\u00fan tercero brindamos ninguna garant\u00eda en cuanto a la precisi\u00f3n, oportunidad, rendimiento, integridad o idoneidad de la informaci\u00f3n y los materiales encontrados u ofrecidos en este sitio web para cualquier prop\u00f3sito particular. Usted reconoce que dicha informaci\u00f3n y materiales pueden contener imprecisiones o errores y excluimos expresamente la responsabilidad por tales imprecisiones o errores en la mayor medida permitida por la ley. <br>\n              <br>El uso de cualquier informaci\u00f3n o material en este sitio web es bajo su propio riesgo, por lo que no seremos responsables. Ser\u00e1 su responsabilidad asegurarse de que cualquier producto, servicio o informaci\u00f3n disponible a trav\u00e9s de este sitio web cumpla con sus requisitos espec\u00edficos. <br>\n              <br>Este sitio web contiene material que nos pertenece o tiene licencia. Este material incluye, entre otros, el dise\u00f1o, el aspecto, la apariencia y los gr\u00e1ficos. Se proh\u00edbe la reproducci\u00f3n de otra manera que no sea de acuerdo con el aviso de copyright, que forma parte de estos t\u00e9rminos y condiciones. <br>\n              <br>Todas las marcas registradas que se reproducen en este sitio web, que no son propiedad ni est\u00e1n autorizadas por el operador, se reconocen en el sitio web. <br>\n              <br>El uso no autorizado de este sitio web puede dar lugar a un reclamo por da\u00f1os y perjuicios y \/ o ser un delito penal. <br>\n              <br>De vez en cuando, este sitio web tambi\u00e9n puede incluir enlaces a otros sitios web. Estos enlaces se proporcionan para su conveniencia para proporcionar m\u00e1s informaci\u00f3n. No significan que respaldamos los sitios web. No tenemos responsabilidad por el contenido de los sitios web vinculados. <br>\n              <br>No puede crear un enlace a este sitio web desde otro sitio web o documento sin el consentimiento previo por escrito de Colegio Vallarta - Ojo de Agua.<br>\n            <\/p>\n          <\/div>\n        <\/div>\n      <\/div>\n    <\/section>\n    \n    \n    \n  \n","protected":false},"excerpt":{"rendered":"<p>T\u00e9rminos y condiciones Bienvenido a Colegio Vallarta &#8211; Ojo de Agua. Si contin\u00faa navegando y utilizando este sitio web, acepta cumplir y estar sujeto a los siguientes t\u00e9rminos y condiciones de uso, que junto con nuestra pol\u00edtica de privacidad rigen la relaci\u00f3n de Colegio Vallarta &#8211; Ojo de Agua&nbsp;con usted en relaci\u00f3n con este sitio &hellip; <a href=\"https:\/\/colegiovallarta.mx\/ojodeagua\/terminos-y-condiciones\/\" class=\"more-link\">Continue reading<span class=\"screen-reader-text\"> \u00abT\u00e9rminos y condiciones\u00bb<\/span><\/a><\/p>\n","protected":false},"author":2,"featured_media":0,"parent":0,"menu_order":0,"comment_status":"closed","ping_status":"closed","template":"","meta":{"_uag_custom_page_level_css":"","footnotes":""},"class_list":["post-3041","page","type-page","status-publish","hentry"],"yoast_head":"<!-- This site is optimized with the Yoast SEO plugin v26.9 - https:\/\/yoast.com\/product\/yoast-seo-wordpress\/ -->\n<title>T\u00e9rminos y condiciones - Colegio Vallarta - Ojo de agua<\/title>\n<meta name=\"description\" content=\"Si contin\u00faa navegando y utilizando este sitio web, acepta cumplir y estar sujeto a los siguientes t\u00e9rminos y condiciones de uso.\" \/>\n<meta name=\"robots\" content=\"index, follow, max-snippet:-1, max-image-preview:large, max-video-preview:-1\" \/>\n<link rel=\"canonical\" href=\"https:\/\/colegiovallarta.mx\/ojodeagua\/terminos-y-condiciones\/\" \/>\n<meta property=\"og:locale\" content=\"es_ES\" \/>\n<meta property=\"og:type\" content=\"article\" \/>\n<meta property=\"og:title\" content=\"T\u00e9rminos y condiciones - Colegio Vallarta - Ojo de agua\" \/>\n<meta property=\"og:description\" content=\"Si contin\u00faa navegando y utilizando este sitio web, acepta cumplir y estar sujeto a los siguientes t\u00e9rminos y condiciones de uso.\" \/>\n<meta property=\"og:url\" content=\"https:\/\/colegiovallarta.mx\/ojodeagua\/terminos-y-condiciones\/\" \/>\n<meta property=\"og:site_name\" content=\"Colegio Vallarta - Ojo de agua\" \/>\n<meta property=\"article:publisher\" content=\"https:\/\/www.facebook.com\/colegiovallartaojodeagua\" \/>\n<meta property=\"article:modified_time\" content=\"2022-01-23T06:03:25+00:00\" \/>\n<meta property=\"og:image\" content=\"https:\/\/colegiovallarta.mx\/ojodeagua\/wp-content\/uploads\/2021\/01\/Logo-colegio-vallarta-con-bandera.jpg\" \/>\n\t<meta property=\"og:image:width\" content=\"1042\" \/>\n\t<meta property=\"og:image:height\" content=\"1042\" \/>\n\t<meta property=\"og:image:type\" content=\"image\/jpeg\" \/>\n<meta name=\"twitter:card\" content=\"summary_large_image\" \/>\n<meta name=\"twitter:label1\" content=\"Tiempo de lectura\" \/>\n\t<meta name=\"twitter:data1\" content=\"2 minutos\" \/>\n<script type=\"application\/ld+json\" class=\"yoast-schema-graph\">{\"@context\":\"https:\/\/schema.org\",\"@graph\":[{\"@type\":\"WebPage\",\"@id\":\"https:\/\/colegiovallarta.mx\/ojodeagua\/terminos-y-condiciones\/\",\"url\":\"https:\/\/colegiovallarta.mx\/ojodeagua\/terminos-y-condiciones\/\",\"name\":\"T\u00e9rminos y condiciones - Colegio Vallarta - Ojo de agua\",\"isPartOf\":{\"@id\":\"https:\/\/colegiovallarta.mx\/ojodeagua\/#website\"},\"datePublished\":\"2021-01-13T20:13:07+00:00\",\"dateModified\":\"2022-01-23T06:03:25+00:00\",\"description\":\"Si contin\u00faa navegando y utilizando este sitio web, acepta cumplir y estar sujeto a los siguientes t\u00e9rminos y condiciones de uso.\",\"breadcrumb\":{\"@id\":\"https:\/\/colegiovallarta.mx\/ojodeagua\/terminos-y-condiciones\/#breadcrumb\"},\"inLanguage\":\"es\",\"potentialAction\":[{\"@type\":\"ReadAction\",\"target\":[\"https:\/\/colegiovallarta.mx\/ojodeagua\/terminos-y-condiciones\/\"]}]},{\"@type\":\"BreadcrumbList\",\"@id\":\"https:\/\/colegiovallarta.mx\/ojodeagua\/terminos-y-condiciones\/#breadcrumb\",\"itemListElement\":[{\"@type\":\"ListItem\",\"position\":1,\"name\":\"Portada\",\"item\":\"https:\/\/colegiovallarta.mx\/ojodeagua\/\"},{\"@type\":\"ListItem\",\"position\":2,\"name\":\"T\u00e9rminos y condiciones\"}]},{\"@type\":\"WebSite\",\"@id\":\"https:\/\/colegiovallarta.mx\/ojodeagua\/#website\",\"url\":\"https:\/\/colegiovallarta.mx\/ojodeagua\/\",\"name\":\"Colegio Vallarta - Ojo de agua\",\"description\":\"Lideres en educaci\u00f3n desde 1975\",\"publisher\":{\"@id\":\"https:\/\/colegiovallarta.mx\/ojodeagua\/#organization\"},\"potentialAction\":[{\"@type\":\"SearchAction\",\"target\":{\"@type\":\"EntryPoint\",\"urlTemplate\":\"https:\/\/colegiovallarta.mx\/ojodeagua\/?s={search_term_string}\"},\"query-input\":{\"@type\":\"PropertyValueSpecification\",\"valueRequired\":true,\"valueName\":\"search_term_string\"}}],\"inLanguage\":\"es\"},{\"@type\":\"Organization\",\"@id\":\"https:\/\/colegiovallarta.mx\/ojodeagua\/#organization\",\"name\":\"Colegio Vallarta - Ojo de agua\",\"url\":\"https:\/\/colegiovallarta.mx\/ojodeagua\/\",\"logo\":{\"@type\":\"ImageObject\",\"inLanguage\":\"es\",\"@id\":\"https:\/\/colegiovallarta.mx\/ojodeagua\/#\/schema\/logo\/image\/\",\"url\":\"\",\"contentUrl\":\"\",\"caption\":\"Colegio Vallarta - Ojo de agua\"},\"image\":{\"@id\":\"https:\/\/colegiovallarta.mx\/ojodeagua\/#\/schema\/logo\/image\/\"},\"sameAs\":[\"https:\/\/www.facebook.com\/colegiovallartaojodeagua\",\"https:\/\/www.instagram.com\/colevallartamx\/\",\"https:\/\/www.youtube.com\/channel\/UCrTCzT4Zvx2gXLmW-MoC9EQ\/featured\"]}]}<\/script>\n<!-- \/ Yoast SEO plugin. -->","yoast_head_json":{"title":"T\u00e9rminos y condiciones - Colegio Vallarta - Ojo de agua","description":"Si contin\u00faa navegando y utilizando este sitio web, acepta cumplir y estar sujeto a los siguientes t\u00e9rminos y condiciones de uso.","robots":{"index":"index","follow":"follow","max-snippet":"max-snippet:-1","max-image-preview":"max-image-preview:large","max-video-preview":"max-video-preview:-1"},"canonical":"https:\/\/colegiovallarta.mx\/ojodeagua\/terminos-y-condiciones\/","og_locale":"es_ES","og_type":"article","og_title":"T\u00e9rminos y condiciones - Colegio Vallarta - Ojo de agua","og_description":"Si contin\u00faa navegando y utilizando este sitio web, acepta cumplir y estar sujeto a los siguientes t\u00e9rminos y condiciones de uso.","og_url":"https:\/\/colegiovallarta.mx\/ojodeagua\/terminos-y-condiciones\/","og_site_name":"Colegio Vallarta - Ojo de agua","article_publisher":"https:\/\/www.facebook.com\/colegiovallartaojodeagua","article_modified_time":"2022-01-23T06:03:25+00:00","og_image":[{"width":1042,"height":1042,"url":"https:\/\/colegiovallarta.mx\/ojodeagua\/wp-content\/uploads\/2021\/01\/Logo-colegio-vallarta-con-bandera.jpg","type":"image\/jpeg"}],"twitter_card":"summary_large_image","twitter_misc":{"Tiempo de lectura":"2 minutos"},"schema":{"@context":"https:\/\/schema.org","@graph":[{"@type":"WebPage","@id":"https:\/\/colegiovallarta.mx\/ojodeagua\/terminos-y-condiciones\/","url":"https:\/\/colegiovallarta.mx\/ojodeagua\/terminos-y-condiciones\/","name":"T\u00e9rminos y condiciones - Colegio Vallarta - Ojo de agua","isPartOf":{"@id":"https:\/\/colegiovallarta.mx\/ojodeagua\/#website"},"datePublished":"2021-01-13T20:13:07+00:00","dateModified":"2022-01-23T06:03:25+00:00","description":"Si contin\u00faa navegando y utilizando este sitio web, acepta cumplir y estar sujeto a los siguientes t\u00e9rminos y condiciones de uso.","breadcrumb":{"@id":"https:\/\/colegiovallarta.mx\/ojodeagua\/terminos-y-condiciones\/#breadcrumb"},"inLanguage":"es","potentialAction":[{"@type":"ReadAction","target":["https:\/\/colegiovallarta.mx\/ojodeagua\/terminos-y-condiciones\/"]}]},{"@type":"BreadcrumbList","@id":"https:\/\/colegiovallarta.mx\/ojodeagua\/terminos-y-condiciones\/#breadcrumb","itemListElement":[{"@type":"ListItem","position":1,"name":"Portada","item":"https:\/\/colegiovallarta.mx\/ojodeagua\/"},{"@type":"ListItem","position":2,"name":"T\u00e9rminos y condiciones"}]},{"@type":"WebSite","@id":"https:\/\/colegiovallarta.mx\/ojodeagua\/#website","url":"https:\/\/colegiovallarta.mx\/ojodeagua\/","name":"Colegio Vallarta - Ojo de agua","description":"Lideres en educaci\u00f3n desde 1975","publisher":{"@id":"https:\/\/colegiovallarta.mx\/ojodeagua\/#organization"},"potentialAction":[{"@type":"SearchAction","target":{"@type":"EntryPoint","urlTemplate":"https:\/\/colegiovallarta.mx\/ojodeagua\/?s={search_term_string}"},"query-input":{"@type":"PropertyValueSpecification","valueRequired":true,"valueName":"search_term_string"}}],"inLanguage":"es"},{"@type":"Organization","@id":"https:\/\/colegiovallarta.mx\/ojodeagua\/#organization","name":"Colegio Vallarta - Ojo de agua","url":"https:\/\/colegiovallarta.mx\/ojodeagua\/","logo":{"@type":"ImageObject","inLanguage":"es","@id":"https:\/\/colegiovallarta.mx\/ojodeagua\/#\/schema\/logo\/image\/","url":"","contentUrl":"","caption":"Colegio Vallarta - Ojo de agua"},"image":{"@id":"https:\/\/colegiovallarta.mx\/ojodeagua\/#\/schema\/logo\/image\/"},"sameAs":["https:\/\/www.facebook.com\/colegiovallartaojodeagua","https:\/\/www.instagram.com\/colevallartamx\/","https:\/\/www.youtube.com\/channel\/UCrTCzT4Zvx2gXLmW-MoC9EQ\/featured"]}]}},"uagb_featured_image_src":{"full":false,"thumbnail":false,"medium":false,"medium_large":false,"large":false,"1536x1536":false,"2048x2048":false,"post-thumbnail":false},"uagb_author_info":{"display_name":"Ojo de agua","author_link":"https:\/\/colegiovallarta.mx\/ojodeagua\/author\/administrador\/"},"uagb_comment_info":0,"uagb_excerpt":"T\u00e9rminos y condiciones Bienvenido a Colegio Vallarta - Ojo de Agua. Si contin\u00faa navegando y utilizando este sitio web, acepta cumplir y estar sujeto a los siguientes t\u00e9rminos y condiciones de uso, que junto con nuestra pol\u00edtica de privacidad rigen la relaci\u00f3n de Colegio Vallarta - Ojo de Agua&nbsp;con usted en relaci\u00f3n con este sitio&hellip;","_links":{"self":[{"href":"https:\/\/colegiovallarta.mx\/ojodeagua\/wp-json\/wp\/v2\/pages\/3041","targetHints":{"allow":["GET"]}}],"collection":[{"href":"https:\/\/colegiovallarta.mx\/ojodeagua\/wp-json\/wp\/v2\/pages"}],"about":[{"href":"https:\/\/colegiovallarta.mx\/ojodeagua\/wp-json\/wp\/v2\/types\/page"}],"author":[{"embeddable":true,"href":"https:\/\/colegiovallarta.mx\/ojodeagua\/wp-json\/wp\/v2\/users\/2"}],"replies":[{"embeddable":true,"href":"https:\/\/colegiovallarta.mx\/ojodeagua\/wp-json\/wp\/v2\/comments?post=3041"}],"version-history":[{"count":5,"href":"https:\/\/colegiovallarta.mx\/ojodeagua\/wp-json\/wp\/v2\/pages\/3041\/revisions"}],"predecessor-version":[{"id":3384,"href":"https:\/\/colegiovallarta.mx\/ojodeagua\/wp-json\/wp\/v2\/pages\/3041\/revisions\/3384"}],"wp:attachment":[{"href":"https:\/\/colegiovallarta.mx\/ojodeagua\/wp-json\/wp\/v2\/media?parent=3041"}],"curies":[{"name":"wp","href":"https:\/\/api.w.org\/{rel}","templated":true}]}}