{"id":3047,"date":"2021-01-13T14:22:53","date_gmt":"2021-01-13T20:22:53","guid":{"rendered":"http:\/\/colegiovallarta.mx\/ojodeagua\/?page_id=3047"},"modified":"2022-01-23T00:08:03","modified_gmt":"2022-01-23T06:08:03","slug":"aviso-de-copyright","status":"publish","type":"page","link":"https:\/\/colegiovallarta.mx\/ojodeagua\/aviso-de-copyright\/","title":{"rendered":"Aviso de copyrigth"},"content":{"rendered":"\n    \n    <section class=\"u-clearfix u-palette-5-light-3 u-section-2\" id=\"sec-ff8a\">\n      <div class=\"u-clearfix u-sheet u-valign-middle u-sheet-1\">\n        <h1 class=\"u-custom-font u-font-montserrat u-text u-text-custom-color-NaN u-title u-text-1\">\n          <span class=\"u-text-custom-color-1\">Aviso de copyright<\/span>\n        <\/h1>\n      <\/div>\n    <\/section>\n    <section class=\"u-clearfix u-section-3\" id=\"carousel_c05b\">\n      <div class=\"u-clearfix u-sheet u-valign-middle u-sheet-1\">\n        <div class=\"u-align-justify u-container-style u-expanded-width u-group u-shape-rectangle u-group-1\">\n          <div class=\"u-container-layout u-valign-top-md u-valign-top-xs u-container-layout-1\">\n            <p class=\"u-custom-font u-font-montserrat u-text u-text-1\">\n              <span style=\"font-size: 0.875rem;\">Este sitio web y su contenido son propiedad de Colegio Vallarta - Ojo de agua&nbsp; | \u00a9 Colegio Vallarta - Ojo de agua. Todos los derechos reservados. <br>\n                <br>Se proh\u00edbe cualquier redistribuci\u00f3n o reproducci\u00f3n de parte o la totalidad de los \u200bcontenidos en cualquier forma que no sea lo siguiente: Puede imprimir o descargar en un disco duro local extractos para su uso personal y no comercial, solamente. Puede copiar el contenido a terceros individuales para su uso personal, pero solo si reconoce que el sitio web es la fuente del material. No puede, excepto con nuestro permiso expreso por escrito, distribuir o explotar comercialmente el contenido. Tampoco puede transmitirlo ni almacenarlo en ning\u00fan otro sitio web u otra forma de sistema de recuperaci\u00f3n electr\u00f3nica.\n              <\/span>\n              <br>\n            <\/p>\n          <\/div>\n        <\/div>\n      <\/div>\n    <\/section>\n    \n    \n    \n  \n","protected":false},"excerpt":{"rendered":"<p>Aviso de copyright Este sitio web y su contenido son propiedad de Colegio Vallarta &#8211; Ojo de agua&nbsp; | \u00a9 Colegio Vallarta &#8211; Ojo de agua. Todos los derechos reservados. Se proh\u00edbe cualquier redistribuci\u00f3n o reproducci\u00f3n de parte o la totalidad de los \u200bcontenidos en cualquier forma que no sea lo siguiente: Puede imprimir o &hellip; <a href=\"https:\/\/colegiovallarta.mx\/ojodeagua\/aviso-de-copyright\/\" class=\"more-link\">Continue reading<span class=\"screen-reader-text\"> \u00abAviso de copyrigth\u00bb<\/span><\/a><\/p>\n","protected":false},"author":2,"featured_media":0,"parent":0,"menu_order":0,"comment_status":"closed","ping_status":"closed","template":"","meta":{"_uag_custom_page_level_css":"","footnotes":""},"class_list":["post-3047","page","type-page","status-publish","hentry"],"yoast_head":"<!-- This site is optimized with the Yoast SEO plugin v26.9 - https:\/\/yoast.com\/product\/yoast-seo-wordpress\/ -->\n<title>Aviso de copyrigth - Colegio Vallarta - Ojo de agua<\/title>\n<meta name=\"description\" content=\"Seg\u00fan el aviso de copyrigth este sitio web y su contenido son propiedad de Colegio Vallarta - Ojo de agua.\" \/>\n<meta name=\"robots\" content=\"index, follow, max-snippet:-1, max-image-preview:large, max-video-preview:-1\" \/>\n<link rel=\"canonical\" href=\"https:\/\/colegiovallarta.mx\/ojodeagua\/aviso-de-copyright\/\" \/>\n<meta property=\"og:locale\" content=\"es_ES\" \/>\n<meta property=\"og:type\" content=\"article\" \/>\n<meta property=\"og:title\" content=\"Aviso de copyrigth - Colegio Vallarta - Ojo de agua\" \/>\n<meta property=\"og:description\" content=\"Seg\u00fan el aviso de copyrigth este sitio web y su contenido son propiedad de Colegio Vallarta - Ojo de agua.\" \/>\n<meta property=\"og:url\" content=\"https:\/\/colegiovallarta.mx\/ojodeagua\/aviso-de-copyright\/\" \/>\n<meta property=\"og:site_name\" content=\"Colegio Vallarta - Ojo de agua\" \/>\n<meta property=\"article:publisher\" content=\"https:\/\/www.facebook.com\/colegiovallartaojodeagua\" \/>\n<meta property=\"article:modified_time\" content=\"2022-01-23T06:08:03+00:00\" \/>\n<meta property=\"og:image\" content=\"https:\/\/colegiovallarta.mx\/ojodeagua\/wp-content\/uploads\/2021\/01\/Logo-colegio-vallarta-con-bandera.jpg\" \/>\n\t<meta property=\"og:image:width\" content=\"1042\" \/>\n\t<meta property=\"og:image:height\" content=\"1042\" \/>\n\t<meta property=\"og:image:type\" content=\"image\/jpeg\" \/>\n<meta name=\"twitter:card\" content=\"summary_large_image\" \/>\n<meta name=\"twitter:label1\" content=\"Tiempo de lectura\" \/>\n\t<meta name=\"twitter:data1\" content=\"1 minuto\" \/>\n<script type=\"application\/ld+json\" class=\"yoast-schema-graph\">{\"@context\":\"https:\/\/schema.org\",\"@graph\":[{\"@type\":\"WebPage\",\"@id\":\"https:\/\/colegiovallarta.mx\/ojodeagua\/aviso-de-copyright\/\",\"url\":\"https:\/\/colegiovallarta.mx\/ojodeagua\/aviso-de-copyright\/\",\"name\":\"Aviso de copyrigth - Colegio Vallarta - Ojo de agua\",\"isPartOf\":{\"@id\":\"https:\/\/colegiovallarta.mx\/ojodeagua\/#website\"},\"datePublished\":\"2021-01-13T20:22:53+00:00\",\"dateModified\":\"2022-01-23T06:08:03+00:00\",\"description\":\"Seg\u00fan el aviso de copyrigth este sitio web y su contenido son propiedad de Colegio Vallarta - Ojo de agua.\",\"breadcrumb\":{\"@id\":\"https:\/\/colegiovallarta.mx\/ojodeagua\/aviso-de-copyright\/#breadcrumb\"},\"inLanguage\":\"es\",\"potentialAction\":[{\"@type\":\"ReadAction\",\"target\":[\"https:\/\/colegiovallarta.mx\/ojodeagua\/aviso-de-copyright\/\"]}]},{\"@type\":\"BreadcrumbList\",\"@id\":\"https:\/\/colegiovallarta.mx\/ojodeagua\/aviso-de-copyright\/#breadcrumb\",\"itemListElement\":[{\"@type\":\"ListItem\",\"position\":1,\"name\":\"Portada\",\"item\":\"https:\/\/colegiovallarta.mx\/ojodeagua\/\"},{\"@type\":\"ListItem\",\"position\":2,\"name\":\"Aviso de copyrigth\"}]},{\"@type\":\"WebSite\",\"@id\":\"https:\/\/colegiovallarta.mx\/ojodeagua\/#website\",\"url\":\"https:\/\/colegiovallarta.mx\/ojodeagua\/\",\"name\":\"Colegio Vallarta - Ojo de agua\",\"description\":\"Lideres en educaci\u00f3n desde 1975\",\"publisher\":{\"@id\":\"https:\/\/colegiovallarta.mx\/ojodeagua\/#organization\"},\"potentialAction\":[{\"@type\":\"SearchAction\",\"target\":{\"@type\":\"EntryPoint\",\"urlTemplate\":\"https:\/\/colegiovallarta.mx\/ojodeagua\/?s={search_term_string}\"},\"query-input\":{\"@type\":\"PropertyValueSpecification\",\"valueRequired\":true,\"valueName\":\"search_term_string\"}}],\"inLanguage\":\"es\"},{\"@type\":\"Organization\",\"@id\":\"https:\/\/colegiovallarta.mx\/ojodeagua\/#organization\",\"name\":\"Colegio Vallarta - Ojo de agua\",\"url\":\"https:\/\/colegiovallarta.mx\/ojodeagua\/\",\"logo\":{\"@type\":\"ImageObject\",\"inLanguage\":\"es\",\"@id\":\"https:\/\/colegiovallarta.mx\/ojodeagua\/#\/schema\/logo\/image\/\",\"url\":\"\",\"contentUrl\":\"\",\"caption\":\"Colegio Vallarta - Ojo de agua\"},\"image\":{\"@id\":\"https:\/\/colegiovallarta.mx\/ojodeagua\/#\/schema\/logo\/image\/\"},\"sameAs\":[\"https:\/\/www.facebook.com\/colegiovallartaojodeagua\",\"https:\/\/www.instagram.com\/colevallartamx\/\",\"https:\/\/www.youtube.com\/channel\/UCrTCzT4Zvx2gXLmW-MoC9EQ\/featured\"]}]}<\/script>\n<!-- \/ Yoast SEO plugin. -->","yoast_head_json":{"title":"Aviso de copyrigth - Colegio Vallarta - Ojo de agua","description":"Seg\u00fan el aviso de copyrigth este sitio web y su contenido son propiedad de Colegio Vallarta - Ojo de agua.","robots":{"index":"index","follow":"follow","max-snippet":"max-snippet:-1","max-image-preview":"max-image-preview:large","max-video-preview":"max-video-preview:-1"},"canonical":"https:\/\/colegiovallarta.mx\/ojodeagua\/aviso-de-copyright\/","og_locale":"es_ES","og_type":"article","og_title":"Aviso de copyrigth - Colegio Vallarta - Ojo de agua","og_description":"Seg\u00fan el aviso de copyrigth este sitio web y su contenido son propiedad de Colegio Vallarta - Ojo de agua.","og_url":"https:\/\/colegiovallarta.mx\/ojodeagua\/aviso-de-copyright\/","og_site_name":"Colegio Vallarta - Ojo de agua","article_publisher":"https:\/\/www.facebook.com\/colegiovallartaojodeagua","article_modified_time":"2022-01-23T06:08:03+00:00","og_image":[{"width":1042,"height":1042,"url":"https:\/\/colegiovallarta.mx\/ojodeagua\/wp-content\/uploads\/2021\/01\/Logo-colegio-vallarta-con-bandera.jpg","type":"image\/jpeg"}],"twitter_card":"summary_large_image","twitter_misc":{"Tiempo de lectura":"1 minuto"},"schema":{"@context":"https:\/\/schema.org","@graph":[{"@type":"WebPage","@id":"https:\/\/colegiovallarta.mx\/ojodeagua\/aviso-de-copyright\/","url":"https:\/\/colegiovallarta.mx\/ojodeagua\/aviso-de-copyright\/","name":"Aviso de copyrigth - Colegio Vallarta - Ojo de agua","isPartOf":{"@id":"https:\/\/colegiovallarta.mx\/ojodeagua\/#website"},"datePublished":"2021-01-13T20:22:53+00:00","dateModified":"2022-01-23T06:08:03+00:00","description":"Seg\u00fan el aviso de copyrigth este sitio web y su contenido son propiedad de Colegio Vallarta - Ojo de agua.","breadcrumb":{"@id":"https:\/\/colegiovallarta.mx\/ojodeagua\/aviso-de-copyright\/#breadcrumb"},"inLanguage":"es","potentialAction":[{"@type":"ReadAction","target":["https:\/\/colegiovallarta.mx\/ojodeagua\/aviso-de-copyright\/"]}]},{"@type":"BreadcrumbList","@id":"https:\/\/colegiovallarta.mx\/ojodeagua\/aviso-de-copyright\/#breadcrumb","itemListElement":[{"@type":"ListItem","position":1,"name":"Portada","item":"https:\/\/colegiovallarta.mx\/ojodeagua\/"},{"@type":"ListItem","position":2,"name":"Aviso de copyrigth"}]},{"@type":"WebSite","@id":"https:\/\/colegiovallarta.mx\/ojodeagua\/#website","url":"https:\/\/colegiovallarta.mx\/ojodeagua\/","name":"Colegio Vallarta - Ojo de agua","description":"Lideres en educaci\u00f3n desde 1975","publisher":{"@id":"https:\/\/colegiovallarta.mx\/ojodeagua\/#organization"},"potentialAction":[{"@type":"SearchAction","target":{"@type":"EntryPoint","urlTemplate":"https:\/\/colegiovallarta.mx\/ojodeagua\/?s={search_term_string}"},"query-input":{"@type":"PropertyValueSpecification","valueRequired":true,"valueName":"search_term_string"}}],"inLanguage":"es"},{"@type":"Organization","@id":"https:\/\/colegiovallarta.mx\/ojodeagua\/#organization","name":"Colegio Vallarta - Ojo de agua","url":"https:\/\/colegiovallarta.mx\/ojodeagua\/","logo":{"@type":"ImageObject","inLanguage":"es","@id":"https:\/\/colegiovallarta.mx\/ojodeagua\/#\/schema\/logo\/image\/","url":"","contentUrl":"","caption":"Colegio Vallarta - Ojo de agua"},"image":{"@id":"https:\/\/colegiovallarta.mx\/ojodeagua\/#\/schema\/logo\/image\/"},"sameAs":["https:\/\/www.facebook.com\/colegiovallartaojodeagua","https:\/\/www.instagram.com\/colevallartamx\/","https:\/\/www.youtube.com\/channel\/UCrTCzT4Zvx2gXLmW-MoC9EQ\/featured"]}]}},"uagb_featured_image_src":{"full":false,"thumbnail":false,"medium":false,"medium_large":false,"large":false,"1536x1536":false,"2048x2048":false,"post-thumbnail":false},"uagb_author_info":{"display_name":"Ojo de agua","author_link":"https:\/\/colegiovallarta.mx\/ojodeagua\/author\/administrador\/"},"uagb_comment_info":0,"uagb_excerpt":"Aviso de copyright Este sitio web y su contenido son propiedad de Colegio Vallarta - Ojo de agua&nbsp; | \u00a9 Colegio Vallarta - Ojo de agua. Todos los derechos reservados. Se proh\u00edbe cualquier redistribuci\u00f3n o reproducci\u00f3n de parte o la totalidad de los \u200bcontenidos en cualquier forma que no sea lo siguiente: Puede imprimir o&hellip;","_links":{"self":[{"href":"https:\/\/colegiovallarta.mx\/ojodeagua\/wp-json\/wp\/v2\/pages\/3047","targetHints":{"allow":["GET"]}}],"collection":[{"href":"https:\/\/colegiovallarta.mx\/ojodeagua\/wp-json\/wp\/v2\/pages"}],"about":[{"href":"https:\/\/colegiovallarta.mx\/ojodeagua\/wp-json\/wp\/v2\/types\/page"}],"author":[{"embeddable":true,"href":"https:\/\/colegiovallarta.mx\/ojodeagua\/wp-json\/wp\/v2\/users\/2"}],"replies":[{"embeddable":true,"href":"https:\/\/colegiovallarta.mx\/ojodeagua\/wp-json\/wp\/v2\/comments?post=3047"}],"version-history":[{"count":5,"href":"https:\/\/colegiovallarta.mx\/ojodeagua\/wp-json\/wp\/v2\/pages\/3047\/revisions"}],"predecessor-version":[{"id":3385,"href":"https:\/\/colegiovallarta.mx\/ojodeagua\/wp-json\/wp\/v2\/pages\/3047\/revisions\/3385"}],"wp:attachment":[{"href":"https:\/\/colegiovallarta.mx\/ojodeagua\/wp-json\/wp\/v2\/media?parent=3047"}],"curies":[{"name":"wp","href":"https:\/\/api.w.org\/{rel}","templated":true}]}}