{"id":4285,"date":"2025-06-18T15:18:10","date_gmt":"2025-06-18T21:18:10","guid":{"rendered":"https:\/\/colegiovallarta.mx\/ojodeagua\/?page_id=4285"},"modified":"2025-06-24T00:12:05","modified_gmt":"2025-06-24T06:12:05","slug":"bolsa-de-trabajo","status":"publish","type":"page","link":"https:\/\/colegiovallarta.mx\/ojodeagua\/bolsa-de-trabajo\/","title":{"rendered":"Bolsa de trabajo"},"content":{"rendered":"\n    \n    <section class=\"u-align-center u-clearfix u-container-align-center u-custom-color-17 u-section-2\" id=\"sec-1696\">\n      <div class=\"u-clearfix u-sheet u-valign-middle-lg u-valign-middle-md u-valign-middle-sm u-valign-middle-xs u-sheet-1\">\n        <div class=\"data-layout-selected u-clearfix u-expanded-width u-gutter-22 u-layout-wrap u-layout-wrap-1\">\n          <div class=\"u-layout\">\n            <div class=\"u-layout-row\">\n              <div class=\"u-align-center u-container-align-center u-container-align-center-md u-container-align-center-sm u-container-align-center-xs u-container-align-left-lg u-container-align-left-xl u-container-style u-layout-cell u-right-cell u-shape-rectangle u-size-26-lg u-size-26-xl u-size-60-md u-size-60-sm u-size-60-xs u-layout-cell-1\" data-animation-name=\"customAnimationIn\" data-animation-duration=\"1250\" data-animation-delay=\"500\">\n                <div class=\"u-container-layout u-container-layout-1\">\n                  <h2 class=\"u-align-center-md u-align-center-sm u-align-center-xs u-align-left-lg u-align-left-xl u-custom-font u-font-montserrat u-text u-text-custom-color-20 u-text-default u-text-1\">Bolsa de trabajo<\/h2>\n                  <p class=\"u-align-center-md u-align-center-sm u-align-center-xs u-align-left-lg u-align-left-xl u-custom-font u-font-montserrat u-text u-text-default u-text-2\"> En Colegio Vallarta, creemos que una educaci\u00f3n de calidad comienza con personas apasionadas. Si compartes nuestro compromiso con el desarrollo integral de la infancia, este es tu lugar. Consulta nuestras vacantes y forma parte de una comunidad educativa que inspira, gu\u00eda y transforma.<\/p>\n                <\/div>\n              <\/div>\n              <div class=\"u-align-center u-container-align-center u-container-style u-layout-cell u-shape-rectangle u-size-34-lg u-size-34-xl u-size-60-md u-size-60-sm u-size-60-xs u-layout-cell-2\" data-animation-name=\"customAnimationIn\" data-animation-duration=\"1500\" data-animation-delay=\"500\">\n                <div class=\"u-container-layout u-valign-middle-xl u-valign-middle-xs u-valign-top-lg u-valign-top-md u-valign-top-sm u-container-layout-2\">\n                  <div class=\"u-shortcode u-shortcode-1\"><div class=\"forminator-ui forminator-custom-form forminator-custom-form-4293 forminator-design--default  forminator_ajax\" data-forminator-render=\"0\" data-form=\"forminator-module-4293\" data-uid=\"6a0393596ca1f\"><br\/><\/div><form\n\t\t\t\tid=\"forminator-module-4293\"\n\t\t\t\tclass=\"forminator-ui forminator-custom-form forminator-custom-form-4293 forminator-design--default  forminator_ajax\"\n\t\t\t\tmethod=\"post\"\n\t\t\t\tdata-forminator-render=\"0\"\n\t\t\t\tdata-form-id=\"4293\"\n\t\t\t\tenctype=\"multipart\/form-data\" data-color-option=\"theme\" data-design=\"default\" data-grid=\"open\" style=\"display: none;\"\n\t\t\t\tdata-uid=\"6a0393596ca1f\"\n\t\t\t><div role=\"alert\" aria-live=\"polite\" class=\"forminator-response-message forminator-error\" aria-hidden=\"true\"><\/div><div class=\"forminator-row\"><div id=\"name-1\" class=\"forminator-field-name forminator-col forminator-col-12 \"><div class=\"forminator-field\"><label for=\"forminator-field-name-1_6a0393596ca1f\" id=\"forminator-field-name-1_6a0393596ca1f-label\" class=\"forminator-label\">Nombre <span class=\"forminator-required\">*<\/span><\/label><input type=\"text\" name=\"name-1\" value=\"\" placeholder=\"Introduce tu nombre completo\" id=\"forminator-field-name-1_6a0393596ca1f\" class=\"forminator-input forminator-name--field\" aria-required=\"true\" autocomplete=\"name\" \/><\/div><\/div><\/div><div class=\"forminator-row\"><div id=\"email-1\" class=\"forminator-field-email forminator-col forminator-col-12 \"><div class=\"forminator-field\"><label for=\"forminator-field-email-1_6a0393596ca1f\" id=\"forminator-field-email-1_6a0393596ca1f-label\" class=\"forminator-label\">Correo <span class=\"forminator-required\">*<\/span><\/label><input type=\"email\" name=\"email-1\" value=\"\" placeholder=\"Ingresa tu direcci\u00f3n de correo electr\u00f3nico\" id=\"forminator-field-email-1_6a0393596ca1f\" class=\"forminator-input forminator-email--field\" data-required=\"1\" aria-required=\"true\" autocomplete=\"email\" \/><\/div><\/div><\/div><div class=\"forminator-row\"><div id=\"phone-1\" class=\"forminator-field-phone forminator-col forminator-col-12 \"><div class=\"forminator-field\"><label for=\"forminator-field-phone-1_6a0393596ca1f\" id=\"forminator-field-phone-1_6a0393596ca1f-label\" class=\"forminator-label\">Tel\u00e9fono <span class=\"forminator-required\">*<\/span><\/label><input type=\"text\" name=\"phone-1\" value=\"\" placeholder=\"Ingresa tu n\u00famero telef\u00f3nico\" id=\"forminator-field-phone-1_6a0393596ca1f\" class=\"forminator-input forminator-field--phone\" data-required=\"1\" aria-required=\"true\" autocomplete=\"off\" \/><\/div><\/div><\/div><div class=\"forminator-row\"><div id=\"textarea-1\" class=\"forminator-field-textarea forminator-col forminator-col-12 \"><div class=\"forminator-field\"><label for=\"forminator-field-textarea-1_6a0393596ca1f\" id=\"forminator-field-textarea-1_6a0393596ca1f-label\" class=\"forminator-label\">Profesi\u00f3n <span class=\"forminator-required\">*<\/span><\/label><textarea name=\"textarea-1\" placeholder=\"Cu\u00e9ntanos acerca de tu profesi\u00f3n y experiencia\" id=\"forminator-field-textarea-1_6a0393596ca1f\" class=\"forminator-textarea\" rows=\"6\" style=\"min-height:140px;\" ><\/textarea><\/div><\/div><\/div><div class=\"forminator-row\"><div id=\"upload-1\" class=\"forminator-field-upload forminator-col forminator-col-12 \"><div class=\"forminator-field\"><label for=\"forminator-field-upload-1_6a0393596ca1f\" id=\"forminator-field-upload-1_6a0393596ca1f-label\" class=\"forminator-label\">Curr\u00edculum Vitae <span class=\"forminator-required\">*<\/span><\/label><div class=\"forminator-multi-upload \" data-element=\"upload-1_6a0393596ca1f\"><input type=\"file\" name=\"upload-1[]\" id=\"forminator-field-upload-1_6a0393596ca1f\" class=\"forminator-input-file-required do-validate forminator-field-upload-1_6a0393596ca1f-4293\" multiple=\"multiple\" data-method=\"submission\" data-size=\"8000000\" data-size-message=\"El tama\u00f1o m\u00e1ximo de archivo permitido es 8 MB. \"><div class=\"forminator-multi-upload-message\" aria-hidden=\"true\"><span class=\"forminator-icon-upload\" aria-hidden=\"true\"><\/span><p>Arrastrar y soltar (o) <a class=\"forminator-upload-file--forminator-field-upload-1_6a0393596ca1f\" href=\"#\" onclick=\"return false;\">cambiar archivos<\/a><\/p><\/div><\/div><ul class=\"forminator-uploaded-files upload-container-upload-1_6a0393596ca1f\"><\/ul><\/div><\/div><\/div><input type=\"hidden\" name=\"referer_url\" value=\"\" \/><div class=\"forminator-row forminator-row-last\"><div class=\"forminator-col\"><div class=\"forminator-field\"><button class=\"forminator-button forminator-button-submit\">Enviar<\/button><\/div><\/div><\/div><input type=\"hidden\" id=\"forminator_nonce\" name=\"forminator_nonce\" value=\"0090956d45\" \/><input type=\"hidden\" name=\"_wp_http_referer\" value=\"\/ojodeagua\/wp-json\/wp\/v2\/pages\/4285\" \/><input type=\"hidden\" name=\"form_id\" value=\"4293\"><input type=\"hidden\" name=\"page_id\" value=\"4285\"><input type=\"hidden\" name=\"form_type\" value=\"default\"><input type=\"hidden\" name=\"current_url\" value=\"https:\/\/colegiovallarta.mx\/ojodeagua\/bolsa-de-trabajo\/\"><input type=\"hidden\" name=\"render_id\" value=\"0\"><input type=\"hidden\" name=\"forminator-multifile-hidden\" class=\"forminator-multifile-hidden\"><input type=\"hidden\" name=\"action\" value=\"forminator_submit_form_custom-forms\"><\/form><\/div>\n                <\/div>\n              <\/div>\n            <\/div>\n          <\/div>\n        <\/div>\n      <\/div>\n    <\/section>\n    \n    \n    \n    \n  \n","protected":false},"excerpt":{"rendered":"<p>Bolsa de trabajo En Colegio Vallarta, creemos que una educaci\u00f3n de calidad comienza con personas apasionadas. Si compartes nuestro compromiso con el desarrollo integral de la infancia, este es tu lugar. Consulta nuestras vacantes y forma parte de una comunidad educativa que inspira, gu\u00eda y transforma. Nombre *Correo *Tel\u00e9fono *Profesi\u00f3n *Curr\u00edculum Vitae *Arrastrar y soltar &hellip; <a href=\"https:\/\/colegiovallarta.mx\/ojodeagua\/bolsa-de-trabajo\/\" class=\"more-link\">Continue reading<span class=\"screen-reader-text\"> \u00abBolsa de trabajo\u00bb<\/span><\/a><\/p>\n","protected":false},"author":2,"featured_media":0,"parent":0,"menu_order":0,"comment_status":"closed","ping_status":"closed","template":"","meta":{"_uag_custom_page_level_css":"","footnotes":""},"class_list":["post-4285","page","type-page","status-publish","hentry"],"yoast_head":"<!-- This site is optimized with the Yoast SEO plugin v26.9 - https:\/\/yoast.com\/product\/yoast-seo-wordpress\/ -->\n<title>Bolsa de trabajo - Colegio Vallarta - Ojo de agua<\/title>\n<meta name=\"robots\" content=\"index, follow, max-snippet:-1, max-image-preview:large, max-video-preview:-1\" \/>\n<link rel=\"canonical\" href=\"https:\/\/colegiovallarta.mx\/ojodeagua\/bolsa-de-trabajo\/\" \/>\n<meta property=\"og:locale\" content=\"es_ES\" \/>\n<meta property=\"og:type\" content=\"article\" \/>\n<meta property=\"og:title\" content=\"Bolsa de trabajo - Colegio Vallarta - Ojo de agua\" \/>\n<meta property=\"og:description\" content=\"Bolsa de trabajo En Colegio Vallarta, creemos que una educaci\u00f3n de calidad comienza con personas apasionadas. Si compartes nuestro compromiso con el desarrollo integral de la infancia, este es tu lugar. Consulta nuestras vacantes y forma parte de una comunidad educativa que inspira, gu\u00eda y transforma. Nombre *Correo *Tel\u00e9fono *Profesi\u00f3n *Curr\u00edculum Vitae *Arrastrar y soltar &hellip; Continue reading &quot;Bolsa de trabajo&quot;\" \/>\n<meta property=\"og:url\" content=\"https:\/\/colegiovallarta.mx\/ojodeagua\/bolsa-de-trabajo\/\" \/>\n<meta property=\"og:site_name\" content=\"Colegio Vallarta - Ojo de agua\" \/>\n<meta property=\"article:publisher\" content=\"https:\/\/www.facebook.com\/colegiovallartaojodeagua\" \/>\n<meta property=\"article:modified_time\" content=\"2025-06-24T06:12:05+00:00\" \/>\n<meta property=\"og:image\" content=\"https:\/\/colegiovallarta.mx\/ojodeagua\/wp-content\/uploads\/2021\/01\/Logo-colegio-vallarta-con-bandera.jpg\" \/>\n\t<meta property=\"og:image:width\" content=\"1042\" \/>\n\t<meta property=\"og:image:height\" content=\"1042\" \/>\n\t<meta property=\"og:image:type\" content=\"image\/jpeg\" \/>\n<meta name=\"twitter:card\" content=\"summary_large_image\" \/>\n<script type=\"application\/ld+json\" class=\"yoast-schema-graph\">{\"@context\":\"https:\/\/schema.org\",\"@graph\":[{\"@type\":\"WebPage\",\"@id\":\"https:\/\/colegiovallarta.mx\/ojodeagua\/bolsa-de-trabajo\/\",\"url\":\"https:\/\/colegiovallarta.mx\/ojodeagua\/bolsa-de-trabajo\/\",\"name\":\"Bolsa de trabajo - Colegio Vallarta - Ojo de agua\",\"isPartOf\":{\"@id\":\"https:\/\/colegiovallarta.mx\/ojodeagua\/#website\"},\"datePublished\":\"2025-06-18T21:18:10+00:00\",\"dateModified\":\"2025-06-24T06:12:05+00:00\",\"breadcrumb\":{\"@id\":\"https:\/\/colegiovallarta.mx\/ojodeagua\/bolsa-de-trabajo\/#breadcrumb\"},\"inLanguage\":\"es\",\"potentialAction\":[{\"@type\":\"ReadAction\",\"target\":[\"https:\/\/colegiovallarta.mx\/ojodeagua\/bolsa-de-trabajo\/\"]}]},{\"@type\":\"BreadcrumbList\",\"@id\":\"https:\/\/colegiovallarta.mx\/ojodeagua\/bolsa-de-trabajo\/#breadcrumb\",\"itemListElement\":[{\"@type\":\"ListItem\",\"position\":1,\"name\":\"Portada\",\"item\":\"https:\/\/colegiovallarta.mx\/ojodeagua\/\"},{\"@type\":\"ListItem\",\"position\":2,\"name\":\"Bolsa de trabajo\"}]},{\"@type\":\"WebSite\",\"@id\":\"https:\/\/colegiovallarta.mx\/ojodeagua\/#website\",\"url\":\"https:\/\/colegiovallarta.mx\/ojodeagua\/\",\"name\":\"Colegio Vallarta - Ojo de agua\",\"description\":\"Lideres en educaci\u00f3n desde 1975\",\"publisher\":{\"@id\":\"https:\/\/colegiovallarta.mx\/ojodeagua\/#organization\"},\"potentialAction\":[{\"@type\":\"SearchAction\",\"target\":{\"@type\":\"EntryPoint\",\"urlTemplate\":\"https:\/\/colegiovallarta.mx\/ojodeagua\/?s={search_term_string}\"},\"query-input\":{\"@type\":\"PropertyValueSpecification\",\"valueRequired\":true,\"valueName\":\"search_term_string\"}}],\"inLanguage\":\"es\"},{\"@type\":\"Organization\",\"@id\":\"https:\/\/colegiovallarta.mx\/ojodeagua\/#organization\",\"name\":\"Colegio Vallarta - Ojo de agua\",\"url\":\"https:\/\/colegiovallarta.mx\/ojodeagua\/\",\"logo\":{\"@type\":\"ImageObject\",\"inLanguage\":\"es\",\"@id\":\"https:\/\/colegiovallarta.mx\/ojodeagua\/#\/schema\/logo\/image\/\",\"url\":\"\",\"contentUrl\":\"\",\"caption\":\"Colegio Vallarta - Ojo de agua\"},\"image\":{\"@id\":\"https:\/\/colegiovallarta.mx\/ojodeagua\/#\/schema\/logo\/image\/\"},\"sameAs\":[\"https:\/\/www.facebook.com\/colegiovallartaojodeagua\",\"https:\/\/www.instagram.com\/colevallartamx\/\",\"https:\/\/www.youtube.com\/channel\/UCrTCzT4Zvx2gXLmW-MoC9EQ\/featured\"]}]}<\/script>\n<!-- \/ Yoast SEO plugin. -->","yoast_head_json":{"title":"Bolsa de trabajo - Colegio Vallarta - Ojo de agua","robots":{"index":"index","follow":"follow","max-snippet":"max-snippet:-1","max-image-preview":"max-image-preview:large","max-video-preview":"max-video-preview:-1"},"canonical":"https:\/\/colegiovallarta.mx\/ojodeagua\/bolsa-de-trabajo\/","og_locale":"es_ES","og_type":"article","og_title":"Bolsa de trabajo - Colegio Vallarta - Ojo de agua","og_description":"Bolsa de trabajo En Colegio Vallarta, creemos que una educaci\u00f3n de calidad comienza con personas apasionadas. Si compartes nuestro compromiso con el desarrollo integral de la infancia, este es tu lugar. Consulta nuestras vacantes y forma parte de una comunidad educativa que inspira, gu\u00eda y transforma. Nombre *Correo *Tel\u00e9fono *Profesi\u00f3n *Curr\u00edculum Vitae *Arrastrar y soltar &hellip; Continue reading \"Bolsa de trabajo\"","og_url":"https:\/\/colegiovallarta.mx\/ojodeagua\/bolsa-de-trabajo\/","og_site_name":"Colegio Vallarta - Ojo de agua","article_publisher":"https:\/\/www.facebook.com\/colegiovallartaojodeagua","article_modified_time":"2025-06-24T06:12:05+00:00","og_image":[{"width":1042,"height":1042,"url":"https:\/\/colegiovallarta.mx\/ojodeagua\/wp-content\/uploads\/2021\/01\/Logo-colegio-vallarta-con-bandera.jpg","type":"image\/jpeg"}],"twitter_card":"summary_large_image","schema":{"@context":"https:\/\/schema.org","@graph":[{"@type":"WebPage","@id":"https:\/\/colegiovallarta.mx\/ojodeagua\/bolsa-de-trabajo\/","url":"https:\/\/colegiovallarta.mx\/ojodeagua\/bolsa-de-trabajo\/","name":"Bolsa de trabajo - Colegio Vallarta - Ojo de agua","isPartOf":{"@id":"https:\/\/colegiovallarta.mx\/ojodeagua\/#website"},"datePublished":"2025-06-18T21:18:10+00:00","dateModified":"2025-06-24T06:12:05+00:00","breadcrumb":{"@id":"https:\/\/colegiovallarta.mx\/ojodeagua\/bolsa-de-trabajo\/#breadcrumb"},"inLanguage":"es","potentialAction":[{"@type":"ReadAction","target":["https:\/\/colegiovallarta.mx\/ojodeagua\/bolsa-de-trabajo\/"]}]},{"@type":"BreadcrumbList","@id":"https:\/\/colegiovallarta.mx\/ojodeagua\/bolsa-de-trabajo\/#breadcrumb","itemListElement":[{"@type":"ListItem","position":1,"name":"Portada","item":"https:\/\/colegiovallarta.mx\/ojodeagua\/"},{"@type":"ListItem","position":2,"name":"Bolsa de trabajo"}]},{"@type":"WebSite","@id":"https:\/\/colegiovallarta.mx\/ojodeagua\/#website","url":"https:\/\/colegiovallarta.mx\/ojodeagua\/","name":"Colegio Vallarta - Ojo de agua","description":"Lideres en educaci\u00f3n desde 1975","publisher":{"@id":"https:\/\/colegiovallarta.mx\/ojodeagua\/#organization"},"potentialAction":[{"@type":"SearchAction","target":{"@type":"EntryPoint","urlTemplate":"https:\/\/colegiovallarta.mx\/ojodeagua\/?s={search_term_string}"},"query-input":{"@type":"PropertyValueSpecification","valueRequired":true,"valueName":"search_term_string"}}],"inLanguage":"es"},{"@type":"Organization","@id":"https:\/\/colegiovallarta.mx\/ojodeagua\/#organization","name":"Colegio Vallarta - Ojo de agua","url":"https:\/\/colegiovallarta.mx\/ojodeagua\/","logo":{"@type":"ImageObject","inLanguage":"es","@id":"https:\/\/colegiovallarta.mx\/ojodeagua\/#\/schema\/logo\/image\/","url":"","contentUrl":"","caption":"Colegio Vallarta - Ojo de agua"},"image":{"@id":"https:\/\/colegiovallarta.mx\/ojodeagua\/#\/schema\/logo\/image\/"},"sameAs":["https:\/\/www.facebook.com\/colegiovallartaojodeagua","https:\/\/www.instagram.com\/colevallartamx\/","https:\/\/www.youtube.com\/channel\/UCrTCzT4Zvx2gXLmW-MoC9EQ\/featured"]}]}},"uagb_featured_image_src":{"full":false,"thumbnail":false,"medium":false,"medium_large":false,"large":false,"1536x1536":false,"2048x2048":false,"post-thumbnail":false},"uagb_author_info":{"display_name":"Ojo de agua","author_link":"https:\/\/colegiovallarta.mx\/ojodeagua\/author\/administrador\/"},"uagb_comment_info":0,"uagb_excerpt":"Bolsa de trabajo En Colegio Vallarta, creemos que una educaci\u00f3n de calidad comienza con personas apasionadas. Si compartes nuestro compromiso con el desarrollo integral de la infancia, este es tu lugar. Consulta nuestras vacantes y forma parte de una comunidad educativa que inspira, gu\u00eda y transforma. Nombre *Correo *Tel\u00e9fono *Profesi\u00f3n *Curr\u00edculum Vitae *Arrastrar y soltar&hellip;","_links":{"self":[{"href":"https:\/\/colegiovallarta.mx\/ojodeagua\/wp-json\/wp\/v2\/pages\/4285","targetHints":{"allow":["GET"]}}],"collection":[{"href":"https:\/\/colegiovallarta.mx\/ojodeagua\/wp-json\/wp\/v2\/pages"}],"about":[{"href":"https:\/\/colegiovallarta.mx\/ojodeagua\/wp-json\/wp\/v2\/types\/page"}],"author":[{"embeddable":true,"href":"https:\/\/colegiovallarta.mx\/ojodeagua\/wp-json\/wp\/v2\/users\/2"}],"replies":[{"embeddable":true,"href":"https:\/\/colegiovallarta.mx\/ojodeagua\/wp-json\/wp\/v2\/comments?post=4285"}],"version-history":[{"count":5,"href":"https:\/\/colegiovallarta.mx\/ojodeagua\/wp-json\/wp\/v2\/pages\/4285\/revisions"}],"predecessor-version":[{"id":4295,"href":"https:\/\/colegiovallarta.mx\/ojodeagua\/wp-json\/wp\/v2\/pages\/4285\/revisions\/4295"}],"wp:attachment":[{"href":"https:\/\/colegiovallarta.mx\/ojodeagua\/wp-json\/wp\/v2\/media?parent=4285"}],"curies":[{"name":"wp","href":"https:\/\/api.w.org\/{rel}","templated":true}]}}